{"id":10656,"date":"2026-04-15T16:25:23","date_gmt":"2026-04-15T14:25:23","guid":{"rendered":"https:\/\/www.lockall.fr\/?page_id=10656"},"modified":"2026-04-16T14:13:19","modified_gmt":"2026-04-16T12:13:19","slug":"votre-espace-client-arrive-bientot","status":"publish","type":"page","link":"https:\/\/www.lockall.fr\/en\/votre-espace-client-arrive-bientot\/","title":{"rendered":"Votre espace client arrive bient\u00f4t"},"content":{"rendered":"\t\t<div data-elementor-type=\"wp-page\" data-elementor-id=\"10656\" class=\"elementor elementor-10656\" data-elementor-post-type=\"page\">\n\t\t\t\t<div class=\"elementor-element elementor-element-6520c9e5 e-flex e-con-boxed e-con e-parent\" data-id=\"6520c9e5\" data-element_type=\"container\" data-e-type=\"container\">\n\t\t\t\t\t<div class=\"e-con-inner\">\n\t\t<div class=\"elementor-element elementor-element-5cafe902 e-con-full e-flex e-con e-child\" data-id=\"5cafe902\" data-element_type=\"container\" data-e-type=\"container\">\n\t\t<div class=\"elementor-element elementor-element-391da776 e-con-full animated-fast e-flex elementor-invisible e-con e-child\" data-id=\"391da776\" data-element_type=\"container\" data-e-type=\"container\" data-settings=\"{&quot;background_background&quot;:&quot;classic&quot;,&quot;background_motion_fx_motion_fx_scrolling&quot;:&quot;yes&quot;,&quot;animation&quot;:&quot;fadeInUp&quot;,&quot;background_motion_fx_devices&quot;:[&quot;widescreen&quot;,&quot;desktop&quot;,&quot;laptop&quot;,&quot;tablet&quot;,&quot;mobile&quot;]}\">\n\t\t<div class=\"elementor-element elementor-element-7ccf97f2 e-con-full e-flex e-con e-child\" data-id=\"7ccf97f2\" data-element_type=\"container\" data-e-type=\"container\">\n\t\t<div class=\"elementor-element elementor-element-32c9b207 e-con-full e-flex elementor-invisible e-con e-child\" data-id=\"32c9b207\" data-element_type=\"container\" data-e-type=\"container\" data-settings=\"{&quot;background_background&quot;:&quot;classic&quot;,&quot;animation&quot;:&quot;fadeInUp&quot;,&quot;animation_delay&quot;:300}\">\n\t\t\t\t<div class=\"elementor-element elementor-element-71bb3e1d elementor-widget elementor-widget-heading\" data-id=\"71bb3e1d\" data-element_type=\"widget\" data-e-type=\"widget\" data-widget_type=\"heading.default\">\n\t\t\t\t\t<h1 class=\"elementor-heading-title elementor-size-default\">Votre espace client arrive bient\u00f4t<\/h1>\t\t\t\t<\/div>\n\t\t\t\t<\/div>\n\t\t<div class=\"elementor-element elementor-element-c13dbf9 e-con-full e-flex e-con e-child\" data-id=\"c13dbf9\" data-element_type=\"container\" data-e-type=\"container\" data-settings=\"{&quot;background_background&quot;:&quot;classic&quot;}\">\n\t\t\t\t<div class=\"elementor-element elementor-element-1ffc7271 elementor-widget elementor-widget-text-editor\" data-id=\"1ffc7271\" data-element_type=\"widget\" data-e-type=\"widget\" data-widget_type=\"text-editor.default\">\n\t\t\t\t\t\t\t\t\tNous pr\u00e9parons actuellement votre futur espace client Lockall, con\u00e7u pour am\u00e9liorer votre exp\u00e9rience et vous offrir plus d\u2019autonomie dans la gestion de votre compte, en toute simplicit\u00e9 et \u00e0 tout moment.\t\t\t\t\t\t\t\t<\/div>\n\t\t\t\t<div class=\"elementor-element elementor-element-10a741f e-transform elementor-tablet-align-justify elementor-widget-tablet__width-initial elementor-widget elementor-widget-global elementor-global-8215 elementor-widget-button\" data-id=\"10a741f\" data-element_type=\"widget\" data-e-type=\"widget\" data-settings=\"{&quot;_transform_scale_effect_hover&quot;:{&quot;unit&quot;:&quot;px&quot;,&quot;size&quot;:1.05,&quot;sizes&quot;:[]},&quot;_transform_scale_effect_hover_widescreen&quot;:{&quot;unit&quot;:&quot;px&quot;,&quot;size&quot;:&quot;&quot;,&quot;sizes&quot;:[]},&quot;_transform_scale_effect_hover_laptop&quot;:{&quot;unit&quot;:&quot;px&quot;,&quot;size&quot;:&quot;&quot;,&quot;sizes&quot;:[]},&quot;_transform_scale_effect_hover_tablet&quot;:{&quot;unit&quot;:&quot;px&quot;,&quot;size&quot;:&quot;&quot;,&quot;sizes&quot;:[]},&quot;_transform_scale_effect_hover_mobile&quot;:{&quot;unit&quot;:&quot;px&quot;,&quot;size&quot;:&quot;&quot;,&quot;sizes&quot;:[]}}\" data-widget_type=\"button.default\">\n\t\t\t\t\t\t\t\t\t\t<a class=\"elementor-button elementor-button-link elementor-size-sm\" href=\"tel:0189713073\">\n\t\t\t\t\t\t<span class=\"elementor-button-content-wrapper\">\n\t\t\t\t\t\t\t\t\t<span class=\"elementor-button-text\">01 89 71 30  73<\/span>\n\t\t\t\t\t<\/span>\n\t\t\t\t\t<\/a>\n\t\t\t\t\t\t\t\t<\/div>\n\t\t\t\t<\/div>\n\t\t\t\t<\/div>\n\t\t<div class=\"elementor-element elementor-element-1da87e1b e-con-full e-flex e-con e-child\" data-id=\"1da87e1b\" data-element_type=\"container\" data-e-type=\"container\" data-settings=\"{&quot;background_background&quot;:&quot;classic&quot;}\">\n\t\t\t\t<\/div>\n\t\t\t\t<\/div>\n\t\t\t\t<\/div>\n\t\t<div class=\"elementor-element elementor-element-52713348 e-con-full e-flex e-con e-child\" data-id=\"52713348\" data-element_type=\"container\" data-e-type=\"container\" data-settings=\"{&quot;background_background&quot;:&quot;classic&quot;}\">\n\t\t\t\t<div class=\"elementor-element elementor-element-65f36c2 elementor-invisible elementor-widget elementor-widget-heading\" data-id=\"65f36c2\" data-element_type=\"widget\" data-e-type=\"widget\" data-settings=\"{&quot;_animation&quot;:&quot;fadeInUp&quot;}\" data-widget_type=\"heading.default\">\n\t\t\t\t\t<h2 class=\"elementor-heading-title elementor-size-default\">Ce que vous pourrez faire<\/h2>\t\t\t\t<\/div>\n\t\t\t\t<div class=\"elementor-element elementor-element-30b8b939 elementor-widget elementor-widget-text-editor\" data-id=\"30b8b939\" data-element_type=\"widget\" data-e-type=\"widget\" data-widget_type=\"text-editor.default\">\n\t\t\t\t\t\t\t\t\t<p data-start=\"189\" data-end=\"273\"><strong data-start=\"189\" data-end=\"219\">G\u00e9rer votre espace Lockall<\/strong> deviendra <strong data-start=\"230\" data-end=\"250\">simple et rapide<\/strong>, directement en ligne.<\/p><p data-start=\"275\" data-end=\"414\">Vous pourrez <strong data-start=\"288\" data-end=\"312\">suivre vos locations<\/strong>, acc\u00e9der \u00e0 vos <strong data-start=\"328\" data-end=\"352\">documents importants<\/strong> et garder une <strong data-start=\"367\" data-end=\"398\">vue claire sur votre compte<\/strong>, \u00e0 tout moment.<\/p><p data-start=\"416\" data-end=\"559\">Besoin de <strong data-start=\"426\" data-end=\"460\">mettre \u00e0 jour vos informations<\/strong> ou de <strong data-start=\"467\" data-end=\"493\">finaliser une d\u00e9marche<\/strong> ? Tout pourra se faire <strong data-start=\"517\" data-end=\"538\">en quelques clics<\/strong>, sans vous d\u00e9placer.<\/p><p data-start=\"561\" data-end=\"673\">Et si vous avez la moindre question, <strong data-start=\"598\" data-end=\"614\">notre \u00e9quipe<\/strong> restera toujours <strong data-start=\"632\" data-end=\"650\">\u00e0 votre \u00e9coute<\/strong> pour vous accompagner.<\/p>\t\t\t\t\t\t\t\t<\/div>\n\t\t\t\t<\/div>\n\t\t<div class=\"elementor-element elementor-element-76814a17 e-con-full e-flex e-con e-child\" data-id=\"76814a17\" data-element_type=\"container\" data-e-type=\"container\" data-settings=\"{&quot;background_background&quot;:&quot;classic&quot;}\">\n\t\t<div class=\"elementor-element elementor-element-1fca651c e-con-full e-flex e-con e-child\" data-id=\"1fca651c\" data-element_type=\"container\" data-e-type=\"container\" data-settings=\"{&quot;background_background&quot;:&quot;classic&quot;}\">\n\t\t\t\t<\/div>\n\t\t<div class=\"elementor-element elementor-element-129a13cf e-con-full e-flex e-con e-child\" data-id=\"129a13cf\" data-element_type=\"container\" data-e-type=\"container\">\n\t\t<div class=\"elementor-element elementor-element-68d31a5a e-con-full e-flex e-con e-child\" data-id=\"68d31a5a\" data-element_type=\"container\" data-e-type=\"container\">\n\t\t\t\t<div class=\"elementor-element elementor-element-577b238b elementor-widget elementor-widget-heading\" data-id=\"577b238b\" data-element_type=\"widget\" data-e-type=\"widget\" data-widget_type=\"heading.default\">\n\t\t\t\t\t<h2 class=\"elementor-heading-title elementor-size-default\">Nous sommes \u00e0 vos c\u00f4t\u00e9s\n<\/h2>\t\t\t\t<\/div>\n\t\t\t\t<div class=\"elementor-element elementor-element-e2bb26b elementor-widget elementor-widget-text-editor\" data-id=\"e2bb26b\" data-element_type=\"widget\" data-e-type=\"widget\" data-widget_type=\"text-editor.default\">\n\t\t\t\t\t\t\t\t\t<p>Notre \u00e9quipe commerciale est l\u00e0 pour vous accompagner et vous renseigner selon vos besoins du lundi au vendredi de 08h \u00e0 20h, et le samedi de 09h \u00e0 18h.<\/p>\t\t\t\t\t\t\t\t<\/div>\n\t\t\t\t<\/div>\n\t\t\t\t<div class=\"elementor-element elementor-element-780a488c elementor-align-center elementor-widget elementor-widget-button\" data-id=\"780a488c\" data-element_type=\"widget\" data-e-type=\"widget\" data-widget_type=\"button.default\">\n\t\t\t\t\t\t\t\t\t\t<a class=\"elementor-button elementor-button-link elementor-size-sm\" href=\"https:\/\/lockall.typeform.com\/to\/s3olcdkJ?__hstc=86361351.04fb4f50fd3791c491835c44f72df2a1.1717600227992.1774430925298.1774437400427.459&#038;__hssc=86361351.5.1774437400427&#038;__hsfp=c32ea7d0f5c6f83e821a5e8020783be3#lp_url=xxxxx\" target=\"_blank\" rel=\"noopener\">\n\t\t\t\t\t\t<span class=\"elementor-button-content-wrapper\">\n\t\t\t\t\t\t\t\t\t<span class=\"elementor-button-text\">Contactez-nous<\/span>\n\t\t\t\t\t<\/span>\n\t\t\t\t\t<\/a>\n\t\t\t\t\t\t\t\t<\/div>\n\t\t\t\t<\/div>\n\t\t\t\t<\/div>\n\t\t\t\t\t<\/div>\n\t\t\t\t<\/div>\n\t\t\t\t<\/div>\n\t\t","protected":false},"excerpt":{"rendered":"<p>Nous pr\u00e9parons actuellement votre futur espace client Lockall, con\u00e7u pour am\u00e9liorer votre exp\u00e9rience et vous offrir plus d\u2019autonomie dans la gestion de votre compte, en toute simplicit\u00e9 et \u00e0 tout moment.<\/p>","protected":false},"author":17,"featured_media":0,"parent":0,"menu_order":0,"comment_status":"closed","ping_status":"closed","template":"","meta":{"content-type":"","footnotes":""},"class_list":["post-10656","page","type-page","status-publish","hentry"],"_links":{"self":[{"href":"https:\/\/www.lockall.fr\/en\/wp-json\/wp\/v2\/pages\/10656","targetHints":{"allow":["GET"]}}],"collection":[{"href":"https:\/\/www.lockall.fr\/en\/wp-json\/wp\/v2\/pages"}],"about":[{"href":"https:\/\/www.lockall.fr\/en\/wp-json\/wp\/v2\/types\/page"}],"author":[{"embeddable":true,"href":"https:\/\/www.lockall.fr\/en\/wp-json\/wp\/v2\/users\/17"}],"replies":[{"embeddable":true,"href":"https:\/\/www.lockall.fr\/en\/wp-json\/wp\/v2\/comments?post=10656"}],"version-history":[{"count":10,"href":"https:\/\/www.lockall.fr\/en\/wp-json\/wp\/v2\/pages\/10656\/revisions"}],"predecessor-version":[{"id":10957,"href":"https:\/\/www.lockall.fr\/en\/wp-json\/wp\/v2\/pages\/10656\/revisions\/10957"}],"wp:attachment":[{"href":"https:\/\/www.lockall.fr\/en\/wp-json\/wp\/v2\/media?parent=10656"}],"curies":[{"name":"wp","href":"https:\/\/api.w.org\/{rel}","templated":true}]}}